{"id":1053,"date":"2024-01-31T11:27:44","date_gmt":"2024-01-31T11:27:44","guid":{"rendered":"https:\/\/visitergeneve.com\/?page_id=1053"},"modified":"2025-01-03T18:48:03","modified_gmt":"2025-01-03T18:48:03","slug":"bon-cadeau","status":"publish","type":"page","link":"https:\/\/visitergeneve.com\/en\/bon-cadeau\/","title":{"rendered":"Bon Cadeau"},"content":{"rendered":"\t\t<div data-elementor-type=\"wp-page\" data-elementor-id=\"1053\" class=\"elementor elementor-1053\" data-elementor-post-type=\"page\">\n\t\t\t\t<div class=\"elementor-element elementor-element-1c0255c e-flex e-con-boxed e-con e-parent\" data-id=\"1c0255c\" data-element_type=\"container\" data-e-type=\"container\">\n\t\t\t\t\t<div class=\"e-con-inner\">\n\t\t<div class=\"elementor-element elementor-element-d11bb34 e-con-full e-flex e-con e-child\" data-id=\"d11bb34\" data-element_type=\"container\" data-e-type=\"container\" data-settings=\"{&quot;background_background&quot;:&quot;classic&quot;}\">\n\t\t\t\t<div class=\"elementor-element elementor-element-fb85187 elementor-widget elementor-widget-heading\" data-id=\"fb85187\" data-element_type=\"widget\" data-e-type=\"widget\" data-widget_type=\"heading.default\">\n\t\t\t\t<div class=\"elementor-widget-container\">\n\t\t\t\t\t<h2 class=\"elementor-heading-title elementor-size-default\">Formulaire Bon Cadeau<\/h2>\t\t\t\t<\/div>\n\t\t\t\t<\/div>\n\t\t<div class=\"elementor-element elementor-element-feadbb0 e-con-full e-flex e-con e-child\" data-id=\"feadbb0\" data-element_type=\"container\" data-e-type=\"container\">\n\t\t\t\t<div class=\"elementor-element elementor-element-0396eab elementor-widget elementor-widget-shortcode\" data-id=\"0396eab\" data-element_type=\"widget\" data-e-type=\"widget\" data-widget_type=\"shortcode.default\">\n\t\t\t\t<div class=\"elementor-widget-container\">\n\t\t\t\t\t\t\t<div class=\"elementor-shortcode\"><div id=\"quform-5901f7\" class=\"quform quform-3 quform-support-page-caching\"><form id=\"quform-form-5901f7\" class=\"quform-form quform-form-3\" action=\"\/en\/wp-json\/wp\/v2\/pages\/1053#quform-5901f7\" method=\"post\" enctype=\"multipart\/form-data\" novalidate=\"novalidate\" data-options=\"{&quot;id&quot;:3,&quot;uniqueId&quot;:&quot;5901f7&quot;,&quot;theme&quot;:&quot;&quot;,&quot;ajax&quot;:true,&quot;logic&quot;:{&quot;logic&quot;:[],&quot;dependents&quot;:[],&quot;elementIds&quot;:[],&quot;dependentElementIds&quot;:[],&quot;animate&quot;:true},&quot;currentPageId&quot;:1,&quot;errorsIcon&quot;:&quot;&quot;,&quot;updateFancybox&quot;:true,&quot;hasPages&quot;:false,&quot;pages&quot;:[1],&quot;pageProgressType&quot;:&quot;numbers&quot;,&quot;tooltipsEnabled&quot;:true,&quot;tooltipClasses&quot;:&quot;qtip-quform-dark qtip-shadow&quot;,&quot;tooltipMy&quot;:&quot;left center&quot;,&quot;tooltipAt&quot;:&quot;right center&quot;,&quot;isRtl&quot;:false,&quot;scrollOffset&quot;:-50,&quot;scrollSpeed&quot;:800}\"><button class=\"quform-default-submit\" name=\"quform_submit\" type=\"submit\" value=\"submit\" aria-hidden=\"true\" tabindex=\"-1\"><\/button><div class=\"quform-form-inner quform-form-inner-3\"><input type=\"hidden\" name=\"quform_form_id\" value=\"3\" \/><input type=\"hidden\" name=\"quform_form_uid\" value=\"5901f7\" \/><input type=\"hidden\" name=\"quform_count\" value=\"1\" \/><input type=\"hidden\" name=\"form_url\" value=\"https:\/\/visitergeneve.com\/en\/wp-json\/wp\/v2\/pages\/1053\" \/><input type=\"hidden\" name=\"referring_url\" value=\"\" \/><input type=\"hidden\" name=\"post_id\" value=\"\" \/><input type=\"hidden\" name=\"post_title\" value=\"\" \/><input type=\"hidden\" name=\"quform_current_page_id\" value=\"1\" \/><input type=\"hidden\" name=\"quform_csrf_token\" value=\"1voS9eTGfdj1nfVRl3EqAhvqSS9e0Y4e2GdCa7Vq\" \/><div class=\"quform-elements quform-elements-3 quform-cf quform-responsive-elements-phone-landscape\"><div class=\"quform-element quform-element-page quform-page-1 quform-page-3_1 quform-cf quform-group-style-plain quform-first-page quform-last-page quform-current-page\"><div class=\"quform-child-elements\"><div class=\"quform-element quform-element-row quform-element-row-3_5 quform-2-columns quform-element-row-size-fixed quform-responsive-columns-phone-landscape\"><div class=\"quform-element quform-element-column quform-element-3_6\"><div class=\"quform-element quform-element-text quform-element-3_8 quform-cf quform-element-required\"><div class=\"quform-spacer\"><div class=\"quform-label quform-label-3_8\"><label class=\"quform-label-text\" for=\"quform_3_8_5901f7\">Nom de l'acheteur<span class=\"quform-required\">*<\/span><\/label><\/div><div class=\"quform-inner quform-inner-text quform-inner-3_8\"><div class=\"quform-input quform-input-text quform-input-3_8 quform-cf\"><input type=\"text\" id=\"quform_3_8_5901f7\" name=\"quform_3_8\" class=\"quform-field quform-field-text quform-field-3_8\" \/><\/div><\/div><\/div><\/div><\/div><div class=\"quform-element quform-element-column quform-element-3_7\"><div class=\"quform-element quform-element-text quform-element-3_9 quform-cf quform-element-required\"><div class=\"quform-spacer\"><div class=\"quform-label quform-label-3_9\"><label class=\"quform-label-text\" for=\"quform_3_9_5901f7\">Prenom<span class=\"quform-required\">*<\/span><\/label><\/div><div class=\"quform-inner quform-inner-text quform-inner-3_9\"><div class=\"quform-input quform-input-text quform-input-3_9 quform-cf\"><input type=\"text\" id=\"quform_3_9_5901f7\" name=\"quform_3_9\" class=\"quform-field quform-field-text quform-field-3_9\" \/><\/div><\/div><\/div><\/div><\/div><\/div><div class=\"quform-element quform-element-row quform-element-row-3_10 quform-2-columns quform-element-row-size-fixed quform-responsive-columns-phone-landscape\"><div class=\"quform-element quform-element-column quform-element-3_11\"><div class=\"quform-element quform-element-email quform-element-3_13 quform-cf quform-element-required\"><div class=\"quform-spacer\"><div class=\"quform-label quform-label-3_13\"><span class=\"quform-label-icon\"><i class=\"fa fa-envelope\"><\/i><\/span><label class=\"quform-label-text\" for=\"quform_3_13_5901f7\">Adresse \u00e9lectronique<span class=\"quform-required\">*<\/span><\/label><\/div><div class=\"quform-inner quform-inner-email quform-inner-3_13\"><div class=\"quform-input quform-input-email quform-input-3_13 quform-cf\"><input type=\"email\" id=\"quform_3_13_5901f7\" name=\"quform_3_13\" class=\"quform-field quform-field-email quform-field-3_13\" \/><\/div><\/div><\/div><\/div><\/div><div class=\"quform-element quform-element-column quform-element-3_12\"><div class=\"quform-element quform-element-text quform-element-3_14 quform-cf quform-element-required\"><div class=\"quform-spacer\"><div class=\"quform-label quform-label-3_14\"><span class=\"quform-label-icon\"><i class=\"fa fa-mobile-phone\"><\/i><\/span><label class=\"quform-label-text\" for=\"quform_3_14_5901f7\">T\u00e9l\u00e9phone<span class=\"quform-required\">*<\/span><\/label><\/div><div class=\"quform-inner quform-inner-text quform-inner-3_14\"><div class=\"quform-input quform-input-text quform-input-3_14 quform-cf\"><input type=\"text\" id=\"quform_3_14_5901f7\" name=\"quform_3_14\" class=\"quform-field quform-field-text quform-field-3_14\" \/><\/div><\/div><\/div><\/div><\/div><\/div><div class=\"quform-element quform-element-row quform-element-row-3_16 quform-2-columns quform-element-row-size-fixed quform-responsive-columns-phone-landscape\"><div class=\"quform-element quform-element-column quform-element-3_17\"><div class=\"quform-element quform-element-select quform-element-3_15 quform-cf quform-element-required\"><div class=\"quform-spacer\"><div class=\"quform-label quform-label-3_15\"><label class=\"quform-label-text\" for=\"quform_3_15_5901f7\">1 Paiement<span class=\"quform-required\">*<\/span><\/label><\/div><div class=\"quform-inner quform-inner-select quform-inner-3_15\"><div class=\"quform-input quform-input-select quform-input-3_15 quform-cf\"><select id=\"quform_3_15_5901f7\" name=\"quform_3_15\" class=\"quform-field quform-field-select quform-field-3_15\"><option value=\"\" selected=\"selected\">Please select<\/option><option value=\"Versement bancaire\">Versement bancaire<\/option><option value=\"TWINT\">TWINT<\/option><\/select><\/div><\/div><\/div><\/div><\/div><div class=\"quform-element quform-element-column quform-element-3_18\"><div class=\"quform-element quform-element-text quform-element-3_22 quform-cf quform-element-required\"><div class=\"quform-spacer\"><div class=\"quform-label quform-label-3_22\"><label class=\"quform-label-text\" for=\"quform_3_22_5901f7\">2 ADRESSE POSTALE<span class=\"quform-required\">*<\/span><\/label><\/div><div class=\"quform-inner quform-inner-text quform-inner-3_22\"><div class=\"quform-input quform-input-text quform-input-3_22 quform-cf\"><input type=\"text\" id=\"quform_3_22_5901f7\" name=\"quform_3_22\" class=\"quform-field quform-field-text quform-field-3_22\" \/><\/div><\/div><\/div><\/div><\/div><\/div><div class=\"quform-element quform-element-checkbox quform-element-3_26 quform-cf quform-element-required\"><div class=\"quform-spacer\"><div class=\"quform-label quform-label-3_26\"><label class=\"quform-label-text\" id=\"quform_3_26_5901f7_label\">Langue<span class=\"quform-required\">*<\/span><\/label><\/div><div class=\"quform-inner quform-inner-checkbox quform-inner-3_26\"><div class=\"quform-input quform-input-checkbox quform-input-3_26 quform-cf\"><div class=\"quform-options quform-cf quform-options-block quform-options-simple\" role=\"group\" aria-labelledby=\"quform_3_26_5901f7_label\"><div class=\"quform-option\"><input type=\"checkbox\" name=\"quform_3_26[]\" id=\"quform_3_26_5901f7_1\" class=\"quform-field quform-field-checkbox quform-field-3_26 quform-field-3_26_1\" value=\"Francais\" \/><label for=\"quform_3_26_5901f7_1\" class=\"quform-option-label quform-option-label-3_26_1\"><span class=\"quform-option-text\">Francais<\/span><\/label><\/div><div class=\"quform-option\"><input type=\"checkbox\" name=\"quform_3_26[]\" id=\"quform_3_26_5901f7_2\" class=\"quform-field quform-field-checkbox quform-field-3_26 quform-field-3_26_2\" value=\"Anglais\" \/><label for=\"quform_3_26_5901f7_2\" class=\"quform-option-label quform-option-label-3_26_2\"><span class=\"quform-option-text\">Anglais<\/span><\/label><\/div><\/div><\/div><\/div><\/div><\/div><div class=\"quform-element quform-element-textarea quform-element-3_23 quform-cf quform-element-required\"><div class=\"quform-spacer\"><div class=\"quform-label quform-label-3_23\"><label class=\"quform-label-text\" for=\"quform_3_23_5901f7\">Informations compl\u00e9mentaires<span class=\"quform-required\">*<\/span><\/label><\/div><div class=\"quform-inner quform-inner-textarea quform-inner-3_23\"><div class=\"quform-input quform-input-textarea quform-input-3_23 quform-cf\"><textarea id=\"quform_3_23_5901f7\" name=\"quform_3_23\" class=\"quform-field quform-field-textarea quform-field-3_23\"><\/textarea><\/div><\/div><\/div><\/div><div class=\"quform-element quform-element-captcha quform-element-3_25 quform-cf quform-element-required\"><div class=\"quform-spacer\"><div class=\"quform-label quform-label-3_25\"><label class=\"quform-label-text\" for=\"quform_3_25_5901f7\">Veuillez saisir les caract\u00e8res<span class=\"quform-required\">*<\/span><\/label><\/div><div class=\"quform-inner quform-inner-captcha quform-inner-3_25\"><div class=\"quform-input quform-input-captcha quform-input-3_25 quform-cf\"><input type=\"text\" id=\"quform_3_25_5901f7\" name=\"quform_3_25\" class=\"quform-field quform-field-captcha quform-field-3_25\" \/><\/div><div class=\"quform-captcha quform-cf\"><div class=\"quform-captcha-image quform-captcha-image-3_25\"><img decoding=\"async\" class=\"quform-captcha-image-img\" src=\"data:image\/png;base64,iVBORw0KGgoAAAANSUhEUgAAAOYAAABQBAMAAAD\/1xTgAAAAG1BMVEUVDw8gHx8YExMeHR0WEREZFhYdGhobGBgiIiKFavdyAAAAAXRSTlNWwu4spwAAAAlwSFlzAAAOxAAADsQBlSsOGwAAA2NJREFUaIHtls9P2zAUx9M2aXtEYpt8zBBsPRZpdDl25cd6ZNqq9QholB67TYUcCWHt+7P3nu0k\/hFHQmOc\/JUIYMf++P10gsDLy8vLy8vLy8vL63+rywCyF2bOAXX+ssyUmKuXZQ4UZngIsBNdQnb1fPvf3q2tsfb6uPRtF\/FbRof48FzIXn3kuhpTKIvl5OTOHetwQW+FJ5O9mfOlXn3kKmabldAdMYIZ9mizTvb2ZrMYw7ItjunM\/HC0bLYzCCJcfxW+A\/gj\/k8AHsz3lwKzDfCEcSrP6PbGwJg7PYTdK4P5wN\/bSDt3cW9d7cL9dL5h4Rl35g8gNixE\/YZqNBKru5AXI5J+MFZeEcwOPh6TRjuj25tvc40ZluFTmWP+qwwQy4PTu0UC96admz45mJcajK7rkQRIYKwMfYI6ZqAzl5mAVKl0meFWb27OCUfuAMv9hWSwVSYuPRqfJjozM5gpkDOzj7GycMpX8B253XZqFwYcfWcaE0tnI2aamHM4wXR\/pW3WAriQ+RvTNsN6Zouyvys8V60cSg80MCntEj31CHNPbsqJ3XEm7ZxPMJU5kFb3Fett5hTOu0W1FmpTRYUAr6l39ME4Uakl3zdR+0Uqy6CZ2YeL1DKE4VIE\/6BQTjXnaW9l1VMqkcdvZrbgyDYkxXl08IrhFvOqlg2JCY3JZFtrZlLlW\/0PwxLjRLxEe5fOUmF59SyOIXO8htmumJh3uWUopt8Kf8Z4BZRHr2FmFtO2M+SdbCOul01xCgqosS0eZGeK58JY7jvLU+YQNDPlxXSsto82rumZ\/ZT6AMURbV2X956lAVVxuzg8VyIDUTE7AnamMkPKtNSsFux3KS7Hw4x4f6hVi3BfNGYqra6Y4srYCt8WmUF\/4MToo7rdEvIE3YT2Zu67Eys4xy+sbDZWTBesqd6FTbF8Mv5qtuq5bPtWD9f0Vl4hlfOV3tfAPECjH\/h9qY725VaJOaHrJ04zNckikZu9ppPK8mTZYh2rwzzbhuJu2TiWkiaz\/c+3C8X5iX2XWSKD8tXEHOaRX4mvY1d51qq6s93fM9FovV8zHMo4dsBdKrUKk4p5\/5SFAb88yacha05AW73qe9bVS1zqyLI8Y0\/95I8uGexeswbfOvX+11NXeHl5eXl5eXl5ef2b\/gJlNrn88KG08AAAAABJRU5ErkJggg==\" alt=\"CAPTCHA image\" data-element-id=\"25\" width=\"115\" height=\"40\" \/><\/div><\/div><p class=\"quform-description quform-description-below\">Cela nous aide \u00e0 \u00e9viter les spams, merci.<\/p><\/div><\/div><\/div><div class=\"quform-element quform-element-submit quform-element-3_2 quform-cf quform-button-style-theme\"><div class=\"quform-button-submit quform-button-submit-default quform-button-submit-3_2\"><button name=\"quform_submit\" type=\"submit\" class=\"quform-submit\" value=\"submit\"><span class=\"quform-button-text quform-button-submit-text\">Send<\/span><\/button><\/div><div class=\"quform-loading quform-loading-position-left quform-loading-type-spinner-1\"><div class=\"quform-loading-inner\"><div class=\"quform-loading-spinner\"><div class=\"quform-loading-spinner-inner\"><\/div><\/div><\/div><\/div><\/div><div class=\"quform-element-tree\"><label for=\"quform_3_0_5901f7\">This field should be left blank<\/label><input type=\"text\" id=\"quform_3_0_5901f7\" name=\"quform_3_0\" class=\"quform-field quform-field-tree quform-field-3_0\" tabindex=\"-1\" autocomplete=\"off\" \/><\/div><\/div><\/div><\/div><\/div><\/form><\/div><\/div>\n\t\t\t\t\t\t<\/div>\n\t\t\t\t<\/div>\n\t\t\t\t<\/div>\n\t\t\t\t<\/div>\n\t\t<div class=\"elementor-element elementor-element-f791c27 e-con-full e-flex e-con e-child\" data-id=\"f791c27\" data-element_type=\"container\" data-e-type=\"container\">\n\t\t\t\t<div class=\"elementor-element elementor-element-fc106b3 elementor-widget elementor-widget-heading\" data-id=\"fc106b3\" data-element_type=\"widget\" data-e-type=\"widget\" data-widget_type=\"heading.default\">\n\t\t\t\t<div class=\"elementor-widget-container\">\n\t\t\t\t\t<h2 class=\"elementor-heading-title elementor-size-default\">Achetez un Bon Cadeau<\/h2>\t\t\t\t<\/div>\n\t\t\t\t<\/div>\n\t\t\t\t<div class=\"elementor-element elementor-element-1c60508 elementor-widget elementor-widget-text-editor\" data-id=\"1c60508\" data-element_type=\"widget\" data-e-type=\"widget\" data-widget_type=\"text-editor.default\">\n\t\t\t\t<div class=\"elementor-widget-container\">\n\t\t\t\t\t\t\t\t\t<ol><li>Remplissez le formulaire Bon Cadeau\u00a0<\/li><li>D\u00e8s r\u00e9ception de la confirmation avec informations compl\u00e9mentaires, effectuez le paiement<\/li><li>Vous allez recevoir la carte par la poste et pouvez \u00e9crire un message personnel au dos\u00a0<\/li><\/ol>\t\t\t\t\t\t\t\t<\/div>\n\t\t\t\t<\/div>\n\t\t\t\t<div class=\"elementor-element elementor-element-c5440b4 elementor-widget elementor-widget-image\" data-id=\"c5440b4\" data-element_type=\"widget\" data-e-type=\"widget\" data-widget_type=\"image.default\">\n\t\t\t\t<div class=\"elementor-widget-container\">\n\t\t\t\t\t\t\t\t\t\t\t\t\t\t\t<img fetchpriority=\"high\" decoding=\"async\" width=\"800\" height=\"346\" src=\"https:\/\/visitergeneve.com\/wp-content\/uploads\/2024\/01\/bon-cadeau-1-1.jpeg\" class=\"attachment-large size-large wp-image-736\" alt=\"\" srcset=\"https:\/\/visitergeneve.com\/wp-content\/uploads\/2024\/01\/bon-cadeau-1-1.jpeg 1000w, https:\/\/visitergeneve.com\/wp-content\/uploads\/2024\/01\/bon-cadeau-1-1-300x130.jpeg 300w, https:\/\/visitergeneve.com\/wp-content\/uploads\/2024\/01\/bon-cadeau-1-1-768x333.jpeg 768w, https:\/\/visitergeneve.com\/wp-content\/uploads\/2024\/01\/bon-cadeau-1-1-18x8.jpeg 18w\" sizes=\"(max-width: 800px) 100vw, 800px\" \/>\t\t\t\t\t\t\t\t\t\t\t\t\t\t\t<\/div>\n\t\t\t\t<\/div>\n\t\t\t\t<div class=\"elementor-element elementor-element-b99ac3f elementor-widget elementor-widget-heading\" data-id=\"b99ac3f\" data-element_type=\"widget\" data-e-type=\"widget\" data-widget_type=\"heading.default\">\n\t\t\t\t<div class=\"elementor-widget-container\">\n\t\t\t\t\t<h2 class=\"elementor-heading-title elementor-size-default\">R\u00e9servez avec son cadeau <\/h2>\t\t\t\t<\/div>\n\t\t\t\t<\/div>\n\t\t\t\t<div class=\"elementor-element elementor-element-e6a6887 elementor-widget elementor-widget-text-editor\" data-id=\"e6a6887\" data-element_type=\"widget\" data-e-type=\"widget\" data-widget_type=\"text-editor.default\">\n\t\t\t\t<div class=\"elementor-widget-container\">\n\t\t\t\t\t\t\t\t\t<p>&#8211; Choisissez la visite th\u00e9matique, la date et l&#8217;horaire, le nombre de personnes<\/p>\n<p>&#8211; R\u00e9servez la visite par le formulaire R\u00e9servation &nbsp;en cochant &#8220;R\u00e9servation avec bon cadeau&#8221;<\/p>\t\t\t\t\t\t\t\t<\/div>\n\t\t\t\t<\/div>\n\t\t\t\t<div class=\"elementor-element elementor-element-e26eb31 elementor-align-center elementor-widget elementor-widget-button\" data-id=\"e26eb31\" data-element_type=\"widget\" data-e-type=\"widget\" data-widget_type=\"button.default\">\n\t\t\t\t<div class=\"elementor-widget-container\">\n\t\t\t\t\t\t\t\t\t<div class=\"elementor-button-wrapper\">\n\t\t\t\t\t<a class=\"elementor-button elementor-button-link elementor-size-md\" href=\"https:\/\/visitergeneve.com\/contact\/\">\n\t\t\t\t\t\t<span class=\"elementor-button-content-wrapper\">\n\t\t\t\t\t\t\t\t\t<span class=\"elementor-button-text\">Reservation<\/span>\n\t\t\t\t\t<\/span>\n\t\t\t\t\t<\/a>\n\t\t\t\t<\/div>\n\t\t\t\t\t\t\t\t<\/div>\n\t\t\t\t<\/div>\n\t\t\t\t<div class=\"elementor-element elementor-element-5f0961f elementor-widget elementor-widget-text-editor\" data-id=\"5f0961f\" data-element_type=\"widget\" data-e-type=\"widget\" data-widget_type=\"text-editor.default\">\n\t\t\t\t<div class=\"elementor-widget-container\">\n\t\t\t\t\t\t\t\t\t<p class=\"p1\">Vous pouvez aussi contacter la guide directement \u00e0 catherine@visitergeneve.com ou au +41788733342<\/p>\t\t\t\t\t\t\t\t<\/div>\n\t\t\t\t<\/div>\n\t\t\t\t<\/div>\n\t\t\t\t\t<\/div>\n\t\t\t\t<\/div>\n\t\t\t\t<\/div>\n\t\t","protected":false},"excerpt":{"rendered":"<p>Formulaire Bon Cadeau Achetez un Bon Cadeau Remplissez le formulaire Bon Cadeau\u00a0 D\u00e8s r\u00e9ception de la confirmation avec informations compl\u00e9mentaires, effectuez le paiement Vous allez recevoir la carte par la poste et pouvez \u00e9crire un message personnel au dos\u00a0 R\u00e9servez avec son cadeau &#8211; Choisissez la visite th\u00e9matique, la date et l&#8217;horaire, le nombre de [&hellip;]<\/p>\n","protected":false},"author":1,"featured_media":0,"parent":0,"menu_order":0,"comment_status":"closed","ping_status":"closed","template":"elementor_header_footer","meta":{"footnotes":""},"class_list":["post-1053","page","type-page","status-publish","hentry"],"_links":{"self":[{"href":"https:\/\/visitergeneve.com\/en\/wp-json\/wp\/v2\/pages\/1053","targetHints":{"allow":["GET"]}}],"collection":[{"href":"https:\/\/visitergeneve.com\/en\/wp-json\/wp\/v2\/pages"}],"about":[{"href":"https:\/\/visitergeneve.com\/en\/wp-json\/wp\/v2\/types\/page"}],"author":[{"embeddable":true,"href":"https:\/\/visitergeneve.com\/en\/wp-json\/wp\/v2\/users\/1"}],"replies":[{"embeddable":true,"href":"https:\/\/visitergeneve.com\/en\/wp-json\/wp\/v2\/comments?post=1053"}],"version-history":[{"count":106,"href":"https:\/\/visitergeneve.com\/en\/wp-json\/wp\/v2\/pages\/1053\/revisions"}],"predecessor-version":[{"id":4596,"href":"https:\/\/visitergeneve.com\/en\/wp-json\/wp\/v2\/pages\/1053\/revisions\/4596"}],"wp:attachment":[{"href":"https:\/\/visitergeneve.com\/en\/wp-json\/wp\/v2\/media?parent=1053"}],"curies":[{"name":"wp","href":"https:\/\/api.w.org\/{rel}","templated":true}]}}