{"id":423,"date":"2024-01-19T03:43:45","date_gmt":"2024-01-19T03:43:45","guid":{"rendered":"https:\/\/visitergeneve.com\/?page_id=423"},"modified":"2025-05-14T21:46:11","modified_gmt":"2025-05-14T21:46:11","slug":"contact","status":"publish","type":"page","link":"https:\/\/visitergeneve.com\/en\/contact\/","title":{"rendered":"Contact"},"content":{"rendered":"\t\t<div data-elementor-type=\"wp-page\" data-elementor-id=\"423\" class=\"elementor elementor-423\" data-elementor-post-type=\"page\">\n\t\t\t\t\t\t<section class=\"elementor-section elementor-top-section elementor-element elementor-element-1a2fe2c9 elementor-section-boxed elementor-section-height-default elementor-section-height-default\" data-id=\"1a2fe2c9\" data-element_type=\"section\" data-e-type=\"section\" data-settings=\"{&quot;background_background&quot;:&quot;classic&quot;}\">\n\t\t\t\t\t\t\t<div class=\"elementor-background-overlay\"><\/div>\n\t\t\t\t\t\t\t<div class=\"elementor-container elementor-column-gap-default\">\n\t\t\t\t\t<div class=\"elementor-column elementor-col-100 elementor-top-column elementor-element elementor-element-6134f4d5\" data-id=\"6134f4d5\" data-element_type=\"column\" data-e-type=\"column\">\n\t\t\t<div class=\"elementor-widget-wrap elementor-element-populated\">\n\t\t\t\t\t\t<div class=\"elementor-element elementor-element-19426e3b elementor-widget elementor-widget-heading\" data-id=\"19426e3b\" data-element_type=\"widget\" data-e-type=\"widget\" data-widget_type=\"heading.default\">\n\t\t\t\t<div class=\"elementor-widget-container\">\n\t\t\t\t\t<h1 class=\"elementor-heading-title elementor-size-default\">R\u00e9servez votre visite<\/h1>\t\t\t\t<\/div>\n\t\t\t\t<\/div>\n\t\t\t\t\t<\/div>\n\t\t<\/div>\n\t\t\t\t\t<\/div>\n\t\t<\/section>\n\t\t<div class=\"elementor-element elementor-element-d7cbaea e-con-full e-flex e-con e-parent\" data-id=\"d7cbaea\" data-element_type=\"container\" data-e-type=\"container\" data-settings=\"{&quot;background_background&quot;:&quot;classic&quot;}\">\n\t\t<div class=\"elementor-element elementor-element-feadbb0 e-con-full e-flex e-con e-child\" data-id=\"feadbb0\" data-element_type=\"container\" data-e-type=\"container\" id=\"formulario\">\n\t\t\t\t<div class=\"elementor-element elementor-element-5ebb32f5 elementor-widget elementor-widget-text-editor\" data-id=\"5ebb32f5\" data-element_type=\"widget\" data-e-type=\"widget\" data-widget_type=\"text-editor.default\">\n\t\t\t\t<div class=\"elementor-widget-container\">\n\t\t\t\t\t\t\t\t\t<p>Formulaire de R\u00e9servation<\/p><p>\u00a0<\/p><p>\u00a0<\/p><p>\u00a0<\/p>\t\t\t\t\t\t\t\t<\/div>\n\t\t\t\t<\/div>\n\t\t\t\t<div class=\"elementor-element elementor-element-afa11c3 elementor-widget elementor-widget-shortcode\" data-id=\"afa11c3\" data-element_type=\"widget\" data-e-type=\"widget\" data-widget_type=\"shortcode.default\">\n\t\t\t\t<div class=\"elementor-widget-container\">\n\t\t\t\t\t\t\t<div class=\"elementor-shortcode\"><div id=\"quform-ba8a3d\" class=\"quform quform-4 quform-theme-bootstrap quform-support-page-caching\"><form id=\"quform-form-ba8a3d\" class=\"quform-form quform-form-4\" action=\"\/en\/wp-json\/wp\/v2\/pages\/423#quform-ba8a3d\" method=\"post\" enctype=\"multipart\/form-data\" novalidate=\"novalidate\" data-options=\"{&quot;id&quot;:4,&quot;uniqueId&quot;:&quot;ba8a3d&quot;,&quot;theme&quot;:&quot;bootstrap&quot;,&quot;ajax&quot;:true,&quot;logic&quot;:{&quot;logic&quot;:[],&quot;dependents&quot;:[],&quot;elementIds&quot;:[],&quot;dependentElementIds&quot;:[],&quot;animate&quot;:true},&quot;currentPageId&quot;:1,&quot;errorsIcon&quot;:&quot;&quot;,&quot;updateFancybox&quot;:true,&quot;hasPages&quot;:false,&quot;pages&quot;:[1],&quot;pageProgressType&quot;:&quot;numbers&quot;,&quot;tooltipsEnabled&quot;:true,&quot;tooltipClasses&quot;:&quot;qtip-quform-dark qtip-shadow&quot;,&quot;tooltipMy&quot;:&quot;left center&quot;,&quot;tooltipAt&quot;:&quot;right center&quot;,&quot;isRtl&quot;:false,&quot;scrollOffset&quot;:-50,&quot;scrollSpeed&quot;:800}\"><button class=\"quform-default-submit\" name=\"quform_submit\" type=\"submit\" value=\"submit\" aria-hidden=\"true\" tabindex=\"-1\"><\/button><div class=\"quform-form-inner quform-form-inner-4\"><input type=\"hidden\" name=\"quform_form_id\" value=\"4\" \/><input type=\"hidden\" name=\"quform_form_uid\" value=\"ba8a3d\" \/><input type=\"hidden\" name=\"quform_count\" value=\"1\" \/><input type=\"hidden\" name=\"form_url\" value=\"https:\/\/visitergeneve.com\/en\/wp-json\/wp\/v2\/pages\/423\" \/><input type=\"hidden\" name=\"referring_url\" value=\"\" \/><input type=\"hidden\" name=\"post_id\" value=\"\" \/><input type=\"hidden\" name=\"post_title\" value=\"\" \/><input type=\"hidden\" name=\"quform_current_page_id\" value=\"1\" \/><input type=\"hidden\" name=\"quform_csrf_token\" value=\"1W1LDF30aF0rquQWrQ5Iw9IaXKOOBZhEKbm6Tyfy\" \/><div class=\"quform-elements quform-elements-4 quform-cf quform-responsive-elements-phone-portrait\"><div class=\"quform-element quform-element-page quform-page-1 quform-page-4_1 quform-cf quform-group-style-plain quform-first-page quform-last-page quform-current-page\"><div class=\"quform-child-elements\"><div class=\"quform-element quform-element-select quform-element-4_19 quform-cf quform-element-required\"><div class=\"quform-spacer\"><div class=\"quform-label quform-label-4_19\"><label class=\"quform-label-text\" for=\"quform_4_19_ba8a3d\">S\u00e9lectionnez votre visite <span class=\"quform-required\">*<\/span><\/label><\/div><div class=\"quform-inner quform-inner-select quform-inner-4_19\"><div class=\"quform-input quform-input-select quform-input-4_19 quform-cf\"><select id=\"quform_4_19_ba8a3d\" name=\"quform_4_19\" class=\"quform-field quform-field-select quform-field-4_19\"><option value=\"L\u2019histoire de Gen\u00e8ve\">L\u2019histoire de Gen\u00e8ve<\/option><option value=\"Gen\u00e8ve internationale\">Gen\u00e8ve internationale<\/option><option value=\"La Croix-Rouge, l\u2019\u00e9veil humanitaire \u00e0 Gen\u00e8ve\">La Croix-Rouge, l\u2019\u00e9veil humanitaire \u00e0 Gen\u00e8ve<\/option><option value=\"Femmes de Gen\u00e8ve\">Femmes de Gen\u00e8ve<\/option><option value=\"Gen\u00e8ve, ville de vices et de plaisirs\">Gen\u00e8ve, ville de vices et de plaisirs<\/option><option value=\"Les secrets de la campagne genevoise\">Les secrets de la campagne genevoise<\/option><option value=\"La nuit de l\u2019Escalade\">La nuit de l\u2019Escalade<\/option><\/select><\/div><\/div><\/div><\/div><div class=\"quform-element quform-element-name quform-element-4_4 quform-cf quform-element-required\"><div class=\"quform-spacer\"><div class=\"quform-inner quform-inner-name quform-inner-4_4\"><div class=\"quform-input quform-input-name quform-input-4_4 quform-cf\"><div class=\"quform-element-row quform-2-columns quform-element-row-size-fixed quform-responsive-columns-phone-portrait\"><div class=\"quform-element-column\"><div class=\"quform-element quform-element-text quform-element-4_4_2 quform-cf quform-element-required\"><div class=\"quform-spacer\"><div class=\"quform-inner quform-inner-text quform-inner-4_4_2\"><div class=\"quform-input quform-input-text quform-input-4_4_2 quform-cf\"><input type=\"text\" id=\"quform_4_4_2_ba8a3d\" name=\"quform_4_4[2]\" class=\"quform-field quform-field-text quform-field-4_4_2\" aria-labelledby=\"quform_4_4_2_ba8a3d_sub_label_below\" \/><\/div><label id=\"quform_4_4_2_ba8a3d_sub_label_below\" class=\"quform-sub-label quform-sub-label-below\">Prenom *<\/label><\/div><\/div><\/div><\/div><div class=\"quform-element-column\"><div class=\"quform-element quform-element-text quform-element-4_4_4 quform-cf quform-element-required\"><div class=\"quform-spacer\"><div class=\"quform-inner quform-inner-text quform-inner-4_4_4\"><div class=\"quform-input quform-input-text quform-input-4_4_4 quform-cf\"><input type=\"text\" id=\"quform_4_4_4_ba8a3d\" name=\"quform_4_4[4]\" class=\"quform-field quform-field-text quform-field-4_4_4\" aria-labelledby=\"quform_4_4_4_ba8a3d_sub_label_below\" \/><\/div><label id=\"quform_4_4_4_ba8a3d_sub_label_below\" class=\"quform-sub-label quform-sub-label-below\">Nom *<\/label><\/div><\/div><\/div><\/div><\/div><\/div><\/div><\/div><\/div><div class=\"quform-element quform-element-row quform-element-row-4_20 quform-2-columns quform-element-row-size-fixed quform-responsive-columns-phone-portrait\"><div class=\"quform-element quform-element-column quform-element-4_21\"><div class=\"quform-element quform-element-date quform-element-4_24 quform-cf quform-element-required\"><div class=\"quform-spacer\"><div class=\"quform-label quform-label-4_24\"><label class=\"quform-label-text\" for=\"quform_4_24_ba8a3d\">Date de visite <span class=\"quform-required\">*<\/span><\/label><\/div><div class=\"quform-inner quform-inner-date quform-inner-4_24\"><div class=\"quform-input quform-input-date quform-input-4_24 quform-cf quform-has-field-icon-right\"><input type=\"text\" id=\"quform_4_24_ba8a3d\" name=\"quform_4_24\" class=\"quform-field quform-field-date quform-field-4_24\" placeholder=\"YYYY-MM-DD\" data-options=\"{&quot;format&quot;:&quot;&quot;,&quot;min&quot;:&quot;2025-05-01&quot;,&quot;max&quot;:&quot;&quot;,&quot;start&quot;:&quot;month&quot;,&quot;depth&quot;:&quot;month&quot;,&quot;showFooter&quot;:false,&quot;locale&quot;:&quot;fr&quot;,&quot;placeholder&quot;:&quot;&quot;,&quot;autoOpen&quot;:true,&quot;identifier&quot;:&quot;4_24&quot;}\" \/><span class=\"quform-field-icon quform-field-icon-right\"><i class=\"qicon-calendar\"><\/i><\/span><\/div><\/div><\/div><\/div><\/div><div class=\"quform-element quform-element-column quform-element-4_22\"><div class=\"quform-element quform-element-text quform-element-4_25 quform-cf quform-element-required\"><div class=\"quform-spacer\"><div class=\"quform-label quform-label-4_25\"><label class=\"quform-label-text\" for=\"quform_4_25_ba8a3d\">Nombre de participants <span class=\"quform-required\">*<\/span><\/label><\/div><div class=\"quform-inner quform-inner-text quform-inner-4_25\"><div class=\"quform-input quform-input-text quform-input-4_25 quform-cf\"><input type=\"text\" id=\"quform_4_25_ba8a3d\" name=\"quform_4_25\" class=\"quform-field quform-field-text quform-field-4_25\" \/><\/div><\/div><\/div><\/div><\/div><\/div><div class=\"quform-element quform-element-row quform-element-row-4_15 quform-2-columns quform-element-row-size-fixed quform-responsive-columns-phone-portrait\"><div class=\"quform-element quform-element-column quform-element-4_16\"><div class=\"quform-element quform-element-email quform-element-4_5 quform-cf quform-element-required\"><div class=\"quform-spacer\"><div class=\"quform-label quform-label-4_5\"><span class=\"quform-label-icon\"><i class=\"fa fa-envelope\"><\/i><\/span><label class=\"quform-label-text\" for=\"quform_4_5_ba8a3d\">Adresse e-mail <span class=\"quform-required\">*<\/span><\/label><\/div><div class=\"quform-inner quform-inner-email quform-inner-4_5\"><div class=\"quform-input quform-input-email quform-input-4_5 quform-cf\"><input type=\"email\" id=\"quform_4_5_ba8a3d\" name=\"quform_4_5\" class=\"quform-field quform-field-email quform-field-4_5\" \/><\/div><\/div><\/div><\/div><\/div><div class=\"quform-element quform-element-column quform-element-4_17\"><div class=\"quform-element quform-element-text quform-element-4_7 quform-cf quform-element-required\"><div class=\"quform-spacer\"><div class=\"quform-label quform-label-4_7\"><span class=\"quform-label-icon\"><i class=\"fa fa-phone\"><\/i><\/span><label class=\"quform-label-text\" for=\"quform_4_7_ba8a3d\"> Mobile <span class=\"quform-required\">*<\/span><\/label><\/div><div class=\"quform-inner quform-inner-text quform-inner-4_7\"><div class=\"quform-input quform-input-text quform-input-4_7 quform-cf\"><input type=\"text\" id=\"quform_4_7_ba8a3d\" name=\"quform_4_7\" class=\"quform-field quform-field-text quform-field-4_7\" \/><\/div><\/div><\/div><\/div><\/div><\/div><div class=\"quform-element quform-element-row quform-element-row-4_26 quform-2-columns quform-element-row-size-fixed quform-responsive-columns-phone-portrait\"><div class=\"quform-element quform-element-column quform-element-4_27\"><div class=\"quform-element quform-element-radio quform-element-4_29 quform-cf quform-element-required\"><div class=\"quform-spacer\"><div class=\"quform-label quform-label-4_29\"><label class=\"quform-label-text\" id=\"quform_4_29_ba8a3d_label\">Langue <span class=\"quform-required\">*<\/span><\/label><\/div><div class=\"quform-inner quform-inner-radio quform-inner-4_29\"><div class=\"quform-input quform-input-radio quform-input-4_29 quform-cf\"><div class=\"quform-options quform-cf quform-options-block quform-options-simple\" role=\"radiogroup\" aria-labelledby=\"quform_4_29_ba8a3d_label\"><div class=\"quform-option\"><input type=\"radio\" name=\"quform_4_29\" id=\"quform_4_29_ba8a3d_1\" class=\"quform-field quform-field-radio quform-field-4_29 quform-field-4_29_1\" value=\" Francais\" \/><label for=\"quform_4_29_ba8a3d_1\" class=\"quform-option-label quform-option-label-4_29_1\"><span class=\"quform-option-text\"> Francais<\/span><\/label><\/div><div class=\"quform-option\"><input type=\"radio\" name=\"quform_4_29\" id=\"quform_4_29_ba8a3d_2\" class=\"quform-field quform-field-radio quform-field-4_29 quform-field-4_29_2\" value=\"Anglais\" \/><label for=\"quform_4_29_ba8a3d_2\" class=\"quform-option-label quform-option-label-4_29_2\"><span class=\"quform-option-text\">Anglais<\/span><\/label><\/div><\/div><\/div><\/div><\/div><\/div><\/div><div class=\"quform-element quform-element-column quform-element-4_28\"><div class=\"quform-element quform-element-radio quform-element-4_30 quform-cf quform-element-required\"><div class=\"quform-spacer\"><div class=\"quform-label quform-label-4_30\"><label class=\"quform-label-text\" id=\"quform_4_30_ba8a3d_label\">Avec bon cadeau <span class=\"quform-required\">*<\/span><\/label><\/div><div class=\"quform-inner quform-inner-radio quform-inner-4_30\"><div class=\"quform-input quform-input-radio quform-input-4_30 quform-cf\"><div class=\"quform-options quform-cf quform-options-block quform-options-simple\" role=\"radiogroup\" aria-labelledby=\"quform_4_30_ba8a3d_label\"><div class=\"quform-option\"><input type=\"radio\" name=\"quform_4_30\" id=\"quform_4_30_ba8a3d_1\" class=\"quform-field quform-field-radio quform-field-4_30 quform-field-4_30_1\" value=\" OUI\" \/><label for=\"quform_4_30_ba8a3d_1\" class=\"quform-option-label quform-option-label-4_30_1\"><span class=\"quform-option-text\"> OUI<\/span><\/label><\/div><div class=\"quform-option\"><input type=\"radio\" name=\"quform_4_30\" id=\"quform_4_30_ba8a3d_2\" class=\"quform-field quform-field-radio quform-field-4_30 quform-field-4_30_2\" value=\" NON\" \/><label for=\"quform_4_30_ba8a3d_2\" class=\"quform-option-label quform-option-label-4_30_2\"><span class=\"quform-option-text\"> NON<\/span><\/label><\/div><\/div><\/div><\/div><\/div><\/div><\/div><\/div><div class=\"quform-element quform-element-textarea quform-element-4_6 quform-cf quform-element-required\"><div class=\"quform-spacer\"><div class=\"quform-label quform-label-4_6\"><span class=\"quform-label-icon\"><i class=\"fa fa-comment\"><\/i><\/span><label class=\"quform-label-text\" for=\"quform_4_6_ba8a3d\">Informations compl\u00e9mentaires<span class=\"quform-required\">*<\/span><\/label><\/div><div class=\"quform-inner quform-inner-textarea quform-inner-4_6\"><div class=\"quform-input quform-input-textarea quform-input-4_6 quform-cf\"><textarea id=\"quform_4_6_ba8a3d\" name=\"quform_4_6\" class=\"quform-field quform-field-textarea quform-field-4_6\"><\/textarea><\/div><\/div><\/div><\/div><div class=\"quform-element quform-element-captcha quform-element-4_32 quform-cf quform-element-required\"><div class=\"quform-spacer\"><div class=\"quform-label quform-label-4_32\"><label class=\"quform-label-text\" for=\"quform_4_32_ba8a3d\">Veuillez saisir les caract\u00e8res<span class=\"quform-required\">*<\/span><\/label><\/div><div class=\"quform-inner quform-inner-captcha quform-inner-4_32\"><div class=\"quform-input quform-input-captcha quform-input-4_32 quform-cf\"><input type=\"text\" id=\"quform_4_32_ba8a3d\" name=\"quform_4_32\" class=\"quform-field quform-field-captcha quform-field-4_32\" \/><\/div><div class=\"quform-captcha quform-cf\"><div class=\"quform-captcha-image quform-captcha-image-4_32\"><img decoding=\"async\" class=\"quform-captcha-image-img\" src=\"data:image\/png;base64,iVBORw0KGgoAAAANSUhEUgAAAOYAAABQBAMAAAD\/1xTgAAAAG1BMVEUrFxclHR0mHBwjICAkHx8nGxspGBgoGRkiIiLtZo3KAAAAAXRSTlMyiDGJ5gAAAAlwSFlzAAAOxAAADsQBlSsOGwAAA4pJREFUaIHtV0lz2jAUtsEWHJvkEB+Z0iEcS0haH7PQ1scszXJ0koZw7EIbjiGizfvZfVpAkrEtGminB30zGRzxrO+tn4TnOTg4ODg4ODg4ODisEPc\/VrNP\/\/5iQcswAdheBWUbAPYWo4zRFN4uT0nYPr8WMk2YKdD033HeXqFhF\/9eLM3pNbsxPNlde8V8a3mXAA\/Lc3q4j5Xzmpfyjef5ixbCyvnTZsIp4Yh3XIbzuvUczpHkJHefCyxqnBLEw575XQTbRa9ZOL\/0ujKSPBDRsTgu+JFhwBTQLWPlS0zf2TkfZSDwusAkgX3OieSZOog3O5ojPlvY9fqlnAN4DC2c4TmLBx+GB6n5TQWejlkONjX\/GE4gY5jlHIvk7eyXVCaayypHFee1tsEjE\/Cl+1qdbudVug5j7\/uQj0IJRgCNXIeZJ0PFgXatftOoewyT7KuMEzNC01LOar4sB1hljyRKEyM+7bigtkMHJt2O0Wh1mHiBLcxCNcBeIZj3WRLE04h13BRNMd6PRgQTe5isQQukg1HShjKb7qkQiAq\/1zmpPUxelXxK1CY6a5iKsKoaUdXx3D1r6u8HQDH9Vs2NRARzuDF61GfNwTj1\/QacLtHMZOQ2BRsVyNSlcZBLzrpR\/Ev+30AbfzZRHXty6zlHJ4kmqR9rHYSbUeGgLi9t3vKB5ofPGj2yNpGfc3RWmXSRY629KmJI2sZgiaz6Wr59FmNgvRWhPqLMmUbyaLtRk1Hj+xBTQGLuh681foXVksSiECXgVTfnJRGx48uzUsesib+ZtRcuBVqcnLNI2xQIn2zTsVju3VbvtqXcpsqqJqakrnGGnDM0hWIOYZITZwznkmjWXlWYHvAageyrB53zSDi4eaZ5l4G8aTaMxUjWN1JxinQY+uGLqCPVDP2vqBJrqRDFogNUXhU6mSEeiNwQfbo\/QbYGAZ+ymqqxPK4\/iI9iNTIPZvVyg9Noio53k52hUQNM9zhFYZhoC\/wyIT6KL5L5d6020Ba7iWbkPyt9wOV1pjryXG\/EtNfrraeFnOFW7qrsmIxCDQznR8KGzjYnhzv7ay8vPFLIVoqruaMRh+8gykjf+sZc+y2DW9yukxpLbER3taWIac69abMkSPZaOTIy+bGRlN8BV+PEqX42xmOgtb9P6p0C7Uyf2WUpWckPKwtS9UhODlf0Y+6PcHfyjJ9RDg4ODg4ODv85fgNIR4Wp737PTwAAAABJRU5ErkJggg==\" alt=\"CAPTCHA image\" data-element-id=\"32\" width=\"115\" height=\"40\" \/><\/div><\/div><p class=\"quform-description quform-description-below\">Cela nous aide \u00e0 \u00e9viter les spams, merci.<\/p><\/div><\/div><\/div><div class=\"quform-element quform-element-submit quform-element-4_2 quform-cf quform-button-style-theme quform-button-width-small\"><div class=\"quform-button-submit quform-button-submit-default quform-button-submit-4_2 quform-button-icon-right\"><button name=\"quform_submit\" type=\"submit\" class=\"quform-submit\" value=\"submit\"><span class=\"quform-button-text quform-button-submit-text\">Send<\/span><span class=\"quform-button-icon quform-button-submit-icon\"><i class=\"qicon-send\"><\/i><\/span><\/button><\/div><div class=\"quform-loading quform-loading-position-left quform-loading-type-spinner-1\"><div class=\"quform-loading-inner\"><div class=\"quform-loading-spinner\"><div class=\"quform-loading-spinner-inner\"><\/div><\/div><\/div><\/div><\/div><div class=\"quform-element-tree\"><label for=\"quform_4_0_ba8a3d\">This field should be left blank<\/label><input type=\"text\" id=\"quform_4_0_ba8a3d\" name=\"quform_4_0\" class=\"quform-field quform-field-tree quform-field-4_0\" tabindex=\"-1\" autocomplete=\"off\" \/><\/div><\/div><\/div><\/div><\/div><\/form><\/div><\/div>\n\t\t\t\t\t\t<\/div>\n\t\t\t\t<\/div>\n\t\t\t\t<\/div>\n\t\t\t\t<\/div>\n\t\t<div class=\"elementor-element elementor-element-f691478 e-flex e-con-boxed e-con e-parent\" data-id=\"f691478\" data-element_type=\"container\" data-e-type=\"container\">\n\t\t\t\t\t<div class=\"e-con-inner\">\n\t\t\t\t<div class=\"elementor-element elementor-element-a583a77 elementor-widget elementor-widget-heading\" data-id=\"a583a77\" data-element_type=\"widget\" data-e-type=\"widget\" data-widget_type=\"heading.default\">\n\t\t\t\t<div class=\"elementor-widget-container\">\n\t\t\t\t\t<h2 class=\"elementor-heading-title elementor-size-default\"><a href=\"https:\/\/api.whatsapp.com\/send\/?phone=41788733342&#038;text&#038;type=phone_number&#038;app_absent=0\" target=\"_blank\" rel=\"noopener\">Vous pouvez aussi contacter Catherine <br>au +41 78 873 33 42 WhatsApp <\/a><\/h2>\t\t\t\t<\/div>\n\t\t\t\t<\/div>\n\t\t\t\t\t<\/div>\n\t\t\t\t<\/div>\n\t\t\t\t<\/div>\n\t\t","protected":false},"excerpt":{"rendered":"<p>R\u00e9servez votre visite Formulaire de R\u00e9servation \u00a0 \u00a0 \u00a0 Vous pouvez aussi contacter Catherine au +41 78 873 33 42 WhatsApp<\/p>","protected":false},"author":1,"featured_media":0,"parent":0,"menu_order":0,"comment_status":"closed","ping_status":"closed","template":"elementor_header_footer","meta":{"footnotes":""},"class_list":["post-423","page","type-page","status-publish","hentry"],"_links":{"self":[{"href":"https:\/\/visitergeneve.com\/en\/wp-json\/wp\/v2\/pages\/423","targetHints":{"allow":["GET"]}}],"collection":[{"href":"https:\/\/visitergeneve.com\/en\/wp-json\/wp\/v2\/pages"}],"about":[{"href":"https:\/\/visitergeneve.com\/en\/wp-json\/wp\/v2\/types\/page"}],"author":[{"embeddable":true,"href":"https:\/\/visitergeneve.com\/en\/wp-json\/wp\/v2\/users\/1"}],"replies":[{"embeddable":true,"href":"https:\/\/visitergeneve.com\/en\/wp-json\/wp\/v2\/comments?post=423"}],"version-history":[{"count":208,"href":"https:\/\/visitergeneve.com\/en\/wp-json\/wp\/v2\/pages\/423\/revisions"}],"predecessor-version":[{"id":4836,"href":"https:\/\/visitergeneve.com\/en\/wp-json\/wp\/v2\/pages\/423\/revisions\/4836"}],"wp:attachment":[{"href":"https:\/\/visitergeneve.com\/en\/wp-json\/wp\/v2\/media?parent=423"}],"curies":[{"name":"wp","href":"https:\/\/api.w.org\/{rel}","templated":true}]}}